{"id":70,"date":"2019-06-01T16:24:45","date_gmt":"2019-06-01T14:24:45","guid":{"rendered":"http:\/\/www.solivagus.de\/?page_id=70"},"modified":"2026-03-05T16:26:36","modified_gmt":"2026-03-05T15:26:36","slug":"laufende-projekte","status":"publish","type":"page","link":"https:\/\/www.solivagus.de\/en\/laufende-projekte\/","title":{"rendered":"Current Projects"},"content":{"rendered":"<p><strong>SOURCES:<\/strong><\/p>\n<p>&nbsp;<\/p>\n<p><span style=\"font-variant: small-caps;\">Bernd Ulrich Hucker et al. (Eds.)<\/span>: Die Chronik des Abtes Theodor Stracke.<\/p>\n<p>[The Chronicle of Abbot Theodor Stracke.]<\/p>\n<p>Solivagus, ISBN 978-3-943025-38-5<\/p>\n<p>(To be published from 2025).<\/p>\n<p>&nbsp;<\/p>\n<p><span style=\"font-variant: small-caps;\">N. N. (Ed.)<\/span>: Das Totenregister des Klosters Loccum. Aus der Chronik des Abtes Theodor Stracke. Kommentierte Edition.<\/p>\n<p>[The register of the dead at Loccum Monastery. From the chronicle of Abbot Theodor Stracke. Annotated Edition.]<\/p>\n<p>Solivagus, ISBN 978-3-943025-38-5<\/p>\n<p>(To be published from 2025).<\/p>\n<p>&nbsp;<\/p>\n<p><span style=\"font-variant: small-caps;\">Bernd Ulrich Hucker (Ed.)<\/span>: Die sp\u00e4tmittelalterlichen B\u00fcckener Chroniken. Chronikfragmente aus dem Stift B\u00fccken.<\/p>\n<p>[The late medieval chronicles of B\u00fccken. Chronicle fragments from B\u00fccken Abbey.]<\/p>\n<p>Solivagus, ISBN 978-3-943025-67-5<\/p>\n<p>(To be published from 2025).<\/p>\n<p>&nbsp;<\/p>\n<hr \/>\n<p><strong>THEATRE &amp; ART:<\/strong><\/p>\n<p>&nbsp;<\/p>\n<p><span style=\"font-variant: small-caps;\">Lars K\u00e4ker (Ed.): <\/span>Armut in der Kunst.<\/p>\n<p>[Poverty in art.]<\/p>\n<p>Solivagus Praeteritum, ISBN 978-3-947064-21-2<\/p>\n<p>(To be published from 2025).<\/p>\n<p>&nbsp;<\/p>\n<p><span style=\"font-variant: small-caps;\">Armin Schweizer<\/span>: Das Festmahl der Semele. Ein philosophisches Lesedrama.<\/p>\n<p>[The banquet of Semele. A philosophical reading drama.]<\/p>\n<p>Solivagus-Verlag, ISBN 978-3-943025-80-4<\/p>\n<p>(To be published 2025)<\/p>\n<p>&nbsp;<\/p>\n<hr \/>\n<p><strong>REGIONAL CHRONICLES:<\/strong><\/p>\n<p>&nbsp;<\/p>\n<p><span style=\"font-variant: small-caps;\">Bernd Ulrich Hucker (Ed.)<\/span>: Der Steinerne Mann und Bischof Johann der Alchemist. Verdener Heimatgeschichte im Spiegel der Sage.<\/p>\n<p>[The Stone Man and Bishop John the Alchemist. Local history of Verden in the mirror of legend.]<\/p>\n<p>Solivagus, ISBN 978-3-943025-40-8<\/p>\n<p>(To be published from 2025).<\/p>\n<p>&nbsp;<\/p>\n<hr \/>\n<p><strong>SERIES:<\/strong><\/p>\n<p>&nbsp;<\/p>\n<p><span style=\"font-variant: small-caps;\">Gabriele Leschke<\/span>: Otto Friedrich von der Gr\u00f6ben und der koloniale Diskurs.<\/p>\n<p>[Otto Friedrich von der Gr\u00f6ben and the Colonial Discourse.]<\/p>\n<p>Colonialism and Postcolonial Perspectives, Vol. 4.<\/p>\n<p>Solivagus Praeteritum, ISBN 978-3-947064-28-1<\/p>\n<p>(To be published 2025).<\/p>\n<p>&nbsp;<\/p>\n<hr \/>\n<p><strong>MONOGRAPHS:<\/strong><\/p>\n<p>&nbsp;<\/p>\n<p><span style=\"font-variant-caps: small-caps;\">Ingolf Wernicke<\/span>: Hermann Hirschfeld (1825-1885), Badearzt und Publizist aus Pommern. Der Beitrag eines j\u00fcdischen Arztes zum Aufstieg Kolbergs zum bedeutendsten Seebad und Kurort an der Ostsee.<\/p>\n<p>[Hermann Hirschfeld (1825-1885), spa doctor and publicist from Pomerania. The contribution of a Jewish doctor to Kolberg&#8217;s rise to become the most important seaside resort and health resort on the Baltic Sea.]<\/p>\n<p>Solivagus Praeteritum, ISBN 978-3-947064-32-8<\/p>\n<p>(To be published from 2025).<\/p>\n<p>&nbsp;<\/p>\n<p><span style=\"font-variant-caps: small-caps;\">Elsa Plath-Langheinrich<\/span>: Von Goethes Gustgen zur Gemahlin des d\u00e4nischen Staatsministers Graf von Bernstorff. Das au\u00dfergew\u00f6hnliche Schicksal der Uetersener Konventualin Augusta Louise Gr\u00e4fin zu Stolberg-Stolberg.<\/p>\n<p>[From Goethe&#8217;s Gustgen to the wife of the Danish Minister of State Count von Bernstorff. The extraordinary fate of Augusta Louise Countess of Stolberg-Stolberg, a conventual nun from Uetersen.]<\/p>\n<p>Solivagus Praeteritum, ISBN 978-3-947064-31-1<\/p>\n<p>(To be published from 2025).<\/p>\n<p>&nbsp;<\/p>\n<p><span style=\"font-variant-caps: small-caps;\">J\u00f6rg Fiedler<\/span>: Die Klosterbibliothek Loccum: Interpretation des Bestandsaufbaus anhand ausgew\u00e4hlter Wissensgebiete und Begutachtung des Managements hinter historischen Mauern.<\/p>\n<p>[The monastery library Loccum: Interpretation of the collection structure on the basis of selected fields of knowledge and appraisal of the management behind historical walls.]<\/p>\n<p>Solivagus-Verlag, ISBN 978-3-943025-75-0<\/p>\n<p>(To be published from 2025).<\/p>\n<p>&nbsp;<\/p>\n<p><span style=\"font-variant-caps: small-caps;\">Ulrich van der Heyden<\/span>: Von den Molukken auf die Burg Lenzen an der Elbe. Admiral Aernoult Gijsels van Lier.<\/p>\n<p>[From the Moluccas to Lenzen Castle on the Elbe. Admiral Aernoult Gijsels van Lier.]<\/p>\n<p>Solivagus-Verlag, ISBN 978-3-943025-74-3<\/p>\n<p>(To be published 2025).<\/p>\n<p>&nbsp;<\/p>\n<p><span style=\"font-variant-caps: small-caps;\">Andreas Ruwe (Hg.)<\/span>: Der Friedhof von Niederhof. Der \u00e4lteste j\u00fcdische Friedhof in Vorpommern als Spiegel j\u00fcdischen Lebens. Rekonstruiert, transkribiert, \u00fcbersetzt und kommentiert. Unter Mitwirkung von Nathanja H\u00fcttenmeister und Joachim Kr\u00fcger.<\/p>\n<p>[The Niederhof cemetery. The oldest Jewish cemetery in Western Pomerania as a mirror of Jewish life. Reconstructed, transcribed, translated and annotated. With the assistance of Nathanja H\u00fcttenmeister and Joachim Kr\u00fcger.]<\/p>\n<p>Solivagus Praeteritum, ISBN 978-3-947064-26-7<\/p>\n<p>(To be published 2025).<\/p>\n<p>&nbsp;<\/p>\n<p><span style=\"font-variant-caps: small-caps;\">Bernd Lemke<\/span>: Deutsche und britische Orientreisende im Osmanischen Reich 1899 \u2013 1914.<\/p>\n<p>[German and British Oriental Travellers in the Ottoman Empire 1899 &#8211; 1914.]<\/p>\n<p>Solivagus Praeteritum, ISBN 978-3-947064-27-4<\/p>\n<p>(To be published from 2025).<\/p>\n<p>&nbsp;<\/p>\n<p><span style=\"font-variant: small-caps;\">Ibrahim Alkatout &amp; Ulrich Mechler (Eds.)<\/span>: Aufbruch in eine neue \u00c4ra: Die minimalinvasive Chirurgie an der Kieler Frauenklinik. Zeitzeugen erinnern sich.<\/p>\n<p>[The dawn of a new era: minimally invasive surgery at the Kiel Women&#8217;s Hospital. Contemporary witnesses remember.]<\/p>\n<p>Solivagus Praeteritum, ISBN 978-3-947064-24-3<\/p>\n<p>(To be published 2025).<\/p>\n<p>&nbsp;<\/p>\n<p><span style=\"font-variant: small-caps;\">Dietrich Mau (Ed.)<\/span>: Kurt Horwitz. Erinnerungen [eines deutschen Juden]. Aus Hostein \u00fcber Hamburg nach Tel Aviv. &#8211; <em>Arbeitstitel<\/em> &#8211;<\/p>\n<p>[Kurt Horwitz. Memoirs [of a German Jew]. From Hostein via Hamburg to Tel Aviv. &#8211; <em>Working title &#8211; <\/em>]<\/p>\n<p>Solivagus Praeteritum, ISBN 978-3-947064-23-6<\/p>\n<p>(To be published from 2025).<\/p>\n<p>&nbsp;<\/p>\n<p><span style=\"font-variant: small-caps;\">Thomas Riis<\/span>: Eine kurze Geschichte des Umgangs mit Armut in Mitteleuropa. Beobachtungen aus den letzten 800 Jahren.<\/p>\n<p>[A brief history of dealing with poverty in Central Europe. Observations from the last 800 years.]<\/p>\n<p>Solivagus, ISBN 978-3-943025-68-2<\/p>\n<p>(To be published from 2025).<\/p>\n<p>&nbsp;<\/p>\n<p><span style=\"font-variant: small-caps;\">Emil Julius Gumbel<\/span>: Verschw\u00f6rer. Zur Geschichte und Soziologie der deutschen nationalistischen Geheimb\u00fcnde 1918-1924. New edition of the original edition from 1924.<\/p>\n<p>[Conspirators. On the History and Sociology of the German Nationalist Secret Societies 1918-1924.]<\/p>\n<p>Solivagus Praeterium, ISBN 978-3-947064-17-5<\/p>\n<p>(To be published from 2025).<\/p>\n<p>&nbsp;<\/p>\n<p><span style=\"font-variant: small-caps;\">Heribert Batzl<\/span>: Kloster Reichenbach am Regen. Gr\u00fcndung, Wirtschafts- und Geistesgeschichte eines oberpf\u00e4lzischen Benediktinerklosters. Herausgegeben von Matthias Wollmann.<\/p>\n<p>[Reichenbach am Regen Monastery. Foundation, economic and intellectual history of an Upper Palatinate Benedictine monastery. Edited by Matthias Wollmann.]<\/p>\n<p>Solivagus, ISBN 978-3-943025-70-5<\/p>\n<p>(To be published from 2025).<\/p>\n<p>&nbsp;<\/p>\n<p><span style=\"font-variant: small-caps;\">Friedrich Kanjahn, retd. pastor<\/span>: Reformation als Prozess. Die Reformation im mittleren Niedersachsen.<\/p>\n<p>[Reformation as a process. The Reformation in Central Lower Saxony.]<\/p>\n<p>Solivagus, ISBN 978-3-943025-71-2<\/p>\n<p>(To be published from 2025).<\/p>","protected":false},"excerpt":{"rendered":"<p>SOURCES: &nbsp; Bernd Ulrich Hucker et al. (Eds.): Die Chronik des Abtes Theodor Stracke. [The Chronicle of Abbot Theodor Stracke.] Solivagus, ISBN 978-3-943025-38-5 (To be published from 2025). &nbsp; N. N. (Ed.): Das Totenregister des Klosters Loccum. Aus der Chronik des Abtes Theodor Stracke. Kommentierte Edition. [The register of the dead at Loccum Monastery. From&#8230;  <a class=\"excerpt-read-more\" href=\"https:\/\/www.solivagus.de\/en\/laufende-projekte\/\" title=\"ReadCurrent Projects\">Read more &raquo;<\/a><\/p>\n","protected":false},"author":1,"featured_media":0,"parent":0,"menu_order":0,"comment_status":"closed","ping_status":"closed","template":"","meta":{"_monsterinsights_skip_tracking":false,"_monsterinsights_sitenote_active":false,"_monsterinsights_sitenote_note":"","_monsterinsights_sitenote_category":0,"footnotes":""},"class_list":["post-70","page","type-page","status-publish","hentry","wp-sticky"],"aioseo_notices":[],"_links":{"self":[{"href":"https:\/\/www.solivagus.de\/en\/wp-json\/wp\/v2\/pages\/70","targetHints":{"allow":["GET"]}}],"collection":[{"href":"https:\/\/www.solivagus.de\/en\/wp-json\/wp\/v2\/pages"}],"about":[{"href":"https:\/\/www.solivagus.de\/en\/wp-json\/wp\/v2\/types\/page"}],"author":[{"embeddable":true,"href":"https:\/\/www.solivagus.de\/en\/wp-json\/wp\/v2\/users\/1"}],"replies":[{"embeddable":true,"href":"https:\/\/www.solivagus.de\/en\/wp-json\/wp\/v2\/comments?post=70"}],"version-history":[{"count":330,"href":"https:\/\/www.solivagus.de\/en\/wp-json\/wp\/v2\/pages\/70\/revisions"}],"predecessor-version":[{"id":4217,"href":"https:\/\/www.solivagus.de\/en\/wp-json\/wp\/v2\/pages\/70\/revisions\/4217"}],"wp:attachment":[{"href":"https:\/\/www.solivagus.de\/en\/wp-json\/wp\/v2\/media?parent=70"}],"curies":[{"name":"wp","href":"https:\/\/api.w.org\/{rel}","templated":true}]}}