{"id":2674,"date":"2018-12-11T12:54:29","date_gmt":"2018-12-11T11:54:29","guid":{"rendered":"https:\/\/www.solivagus.de\/?page_id=2674"},"modified":"2024-03-13T15:02:47","modified_gmt":"2024-03-13T14:02:47","slug":"sinn-und-personengeschichte-1-3-versandkostenfrei-bestellen","status":"publish","type":"page","link":"https:\/\/www.solivagus.de\/en\/sinn-und-personengeschichte-1-3-versandkostenfrei-bestellen\/","title":{"rendered":"Sinn- und Personengeschichte 1-3 versandkostenfrei bestellen"},"content":{"rendered":"<p class=\"qtranxs-available-languages-message qtranxs-available-languages-message-en\">Sorry, this entry is only available in <a href=\"https:\/\/www.solivagus.de\/de\/wp-json\/wp\/v2\/pages\/2674\" class=\"qtranxs-available-language-link qtranxs-available-language-link-de\" title=\"Deutsch\">Deutsch<\/a>.<\/p><p><img loading=\"lazy\" decoding=\"async\" class=\"alignnone wp-image-2649 size-large\" src=\"https:\/\/www.solivagus.de\/wp-content\/uploads\/2018\/11\/79_FB_Germania-1024x576.jpg\" alt=\"\" width=\"1024\" height=\"576\" srcset=\"https:\/\/www.solivagus.de\/wp-content\/uploads\/2018\/11\/79_FB_Germania-1024x576.jpg 1024w, https:\/\/www.solivagus.de\/wp-content\/uploads\/2018\/11\/79_FB_Germania-300x169.jpg 300w, https:\/\/www.solivagus.de\/wp-content\/uploads\/2018\/11\/79_FB_Germania-768x432.jpg 768w, https:\/\/www.solivagus.de\/wp-content\/uploads\/2018\/11\/79_FB_Germania.jpg 1920w\" sizes=\"auto, (max-width: 1024px) 100vw, 1024px\" \/><\/p>\n<p>&nbsp;<\/p>\n<p>Folgende B\u00e4nde sind bestellbar:<\/p>\n<p>&nbsp;<\/p>\n<p>Sinngeschichte der Germania K\u00f6nigsberg. <span class=\"readonlyText\" title=\"Sinngeschichte der Burschenschaft Germania K\u00f6nigsberg.Wechselwirkungen zwischen Zeitgeist und korporationsstudentischer Mentalit\u00e4t\">Wechselwirkungen zwischen Zeitgeist und korporationsstudentischer Mentalit\u00e4t<\/span><br \/>\nBand 1: Vorgeschichte und K\u00f6nigsberger Zeit<br \/>\nvon Rainer Dieterich<br \/>\nISBN: <span class=\"identifier\">978-3-9815733-8-1<br \/>\nPreis: 55,00 Euro<\/span><\/p>\n<hr \/>\n<p>(Sinngeschichte der Germania K\u00f6nigsberg. <span class=\"readonlyText\" title=\"Sinngeschichte der Burschenschaft Germania K\u00f6nigsberg.Wechselwirkungen zwischen Zeitgeist und korporationsstudentischer Mentalit\u00e4t\">Wechselwirkungen zwischen Zeitgeist und korporationsstudentischer Mentalit\u00e4t<\/span><br \/>\n<span class=\"readonlyText\" title=\"Band 2: Die Hamburger Zeit\">Band 2: Die Hamburger Zeit<\/span><br \/>\nvon Rainer Dieterich<br \/>\nISBN: <span class=\"readonlyText\">978-3-9815733-9-8<\/span><br \/>\nPreis: 35,00 Euro) Dieser Band ist vergriffen.<\/p>\n<hr \/>\n<p><span class=\"readonlyText\" title=\"Personengeschichte der Burschenschaft Germania K\u00f6nigsberg.\">Personengeschichte der Burschenschaft Germania K\u00f6nigsberg. <span class=\"readonlyText\" title=\"Eine biographische Sammlung. Band I: Die K\u00f6nigsberger Zeit (1843-1936)\">Eine biographische Sammlung.<br \/>\nBand 1: Die K\u00f6nigsberger Zeit (1843-1936)<\/span><br \/>\nvon Klaus Kube<br \/>\nISBN: <span class=\"readonlyText\">978-3-9815733-4-3<\/span><br \/>\nPreis: 45,00 Euro Hinweis: Dieser Band ist nur noch als M\u00e4ngelexemplar erh\u00e4ltlich (nur \u00e4u\u00dfere M\u00e4ngel).<\/span><\/p>\n<hr \/>\n<h2>Bestellen<\/h2>\n<p>\n<div class=\"wpcf7 no-js\" id=\"wpcf7-f2673-o1\" lang=\"de-DE\" dir=\"ltr\" data-wpcf7-id=\"2673\">\n<div class=\"screen-reader-response\"><p role=\"status\" aria-live=\"polite\" aria-atomic=\"true\"><\/p> <ul><\/ul><\/div>\n<form action=\"\/en\/wp-json\/wp\/v2\/pages\/2674#wpcf7-f2673-o1\" method=\"post\" class=\"wpcf7-form init\" aria-label=\"Kontaktformular\" novalidate=\"novalidate\" data-status=\"init\">\n<fieldset class=\"hidden-fields-container\"><input type=\"hidden\" name=\"_wpcf7\" value=\"2673\" \/><input type=\"hidden\" name=\"_wpcf7_version\" value=\"6.1.5\" \/><input type=\"hidden\" name=\"_wpcf7_locale\" value=\"de_DE\" \/><input type=\"hidden\" name=\"_wpcf7_unit_tag\" value=\"wpcf7-f2673-o1\" \/><input type=\"hidden\" name=\"_wpcf7_container_post\" value=\"0\" \/><input type=\"hidden\" name=\"_wpcf7_posted_data_hash\" value=\"\" \/><input type=\"hidden\" name=\"_wpcf7dtx_version\" value=\"5.0.5\" \/>\n<\/fieldset>\n<div class=\"row\">\n\t<div class=\"tiny-3 small-2 columns\">\n\t\t<p><label>Quantity <span class=\"wpcf7-form-control-wrap\" data-name=\"Anzahl1\"><input class=\"wpcf7-form-control wpcf7-number wpcf7-validates-as-required wpcf7-validates-as-number\" aria-required=\"true\" aria-invalid=\"false\" value=\"0\" type=\"number\" name=\"Anzahl1\" \/><\/span><\/label>\n\t\t<\/p>\n\t<\/div>\n\t<div class=\"tiny-9 small-10 columns\">\n\t\t<p><label>Title <span class=\"wpcf7-form-control-wrap\" data-name=\"Titel1\"><input size=\"40\" maxlength=\"400\" class=\"wpcf7-form-control wpcf7-text wpcf7-validates-as-required\" readonly=\"readonly\" aria-required=\"true\" aria-invalid=\"false\" value=\"Sinngeschichte der Germania K\u00f6nigsberg. Band 1\" type=\"text\" name=\"Titel1\" \/><\/span><\/label>\n\t\t<\/p>\n\t<\/div>\n\t<div class=\"tiny-3 small-2 columns\">\n\t\t<p><label><span class=\"wpcf7-form-control-wrap\" data-name=\"Anzahl2\"><input class=\"wpcf7-form-control wpcf7-number wpcf7-validates-as-required wpcf7-validates-as-number\" aria-required=\"true\" aria-invalid=\"false\" value=\"0\" type=\"number\" name=\"Anzahl2\" \/><\/span><\/label>\n\t\t<\/p>\n\t<\/div>\n\t<div class=\"tiny-9 small-10 columns\">\n\t\t<p><label><span class=\"wpcf7-form-control-wrap\" data-name=\"Titel2\"><input size=\"40\" maxlength=\"400\" class=\"wpcf7-form-control wpcf7-text wpcf7-validates-as-required\" readonly=\"readonly\" aria-required=\"true\" aria-invalid=\"false\" value=\"Sinngeschichte der Germania K\u00f6nigsberg. Band 2\" type=\"text\" name=\"Titel2\" \/><\/span><\/label>\n\t\t<\/p>\n\t<\/div>\n\t<div class=\"tiny-3 small-2 columns\">\n\t\t<p><label><span class=\"wpcf7-form-control-wrap\" data-name=\"Anzahl3\"><input class=\"wpcf7-form-control wpcf7-number wpcf7-validates-as-required wpcf7-validates-as-number\" aria-required=\"true\" aria-invalid=\"false\" value=\"0\" type=\"number\" name=\"Anzahl3\" \/><\/span><\/label>\n\t\t<\/p>\n\t<\/div>\n\t<div class=\"tiny-9 small-10 columns\">\n\t\t<p><label><span class=\"wpcf7-form-control-wrap\" data-name=\"Titel3\"><input size=\"40\" maxlength=\"400\" class=\"wpcf7-form-control wpcf7-text wpcf7-validates-as-required\" readonly=\"readonly\" aria-required=\"true\" aria-invalid=\"false\" value=\"Personengeschichte der Burschenschaft Germania K\u00f6nigsberg. Band 1\" type=\"text\" name=\"Titel3\" \/><\/span><\/label>\n\t\t<\/p>\n\t<\/div>\n<\/div>\n<hr \/>\n<fieldset id=\"billing-address\">\n\t<h3>Invoice Address\n\t<\/h3>\n\t<div class=\"row\">\n\t\t<div class=\"tiny-12 small-6 columns\">\n\t\t\t<p><label>First Name* <span class=\"wpcf7-form-control-wrap\" data-name=\"firstname\"><input size=\"40\" maxlength=\"400\" class=\"wpcf7-form-control wpcf7-text wpcf7-validates-as-required\" aria-required=\"true\" aria-invalid=\"false\" value=\"\" type=\"text\" name=\"firstname\" \/><\/span><\/label>\n\t\t\t<\/p>\n\t\t<\/div>\n\t\t<div class=\"tiny-12 small-6 columns\">\n\t\t\t<p><label>Last Name* <span class=\"wpcf7-form-control-wrap\" data-name=\"lastname\"><input size=\"40\" maxlength=\"400\" class=\"wpcf7-form-control wpcf7-text wpcf7-validates-as-required\" aria-required=\"true\" aria-invalid=\"false\" value=\"\" type=\"text\" name=\"lastname\" \/><\/span><\/label>\n\t\t\t<\/p>\n\t\t<\/div>\n\t<\/div>\n\t<div class=\"row\">\n\t\t<div class=\"tiny-12 columns\">\n\t\t\t<p><label>Institution <span class=\"wpcf7-form-control-wrap\" data-name=\"institution\"><input size=\"40\" maxlength=\"400\" class=\"wpcf7-form-control wpcf7-text\" aria-invalid=\"false\" value=\"\" type=\"text\" name=\"institution\" \/><\/span><\/label>\n\t\t\t<\/p>\n\t\t<\/div>\n\t<\/div>\n\t<div class=\"row\">\n\t\t<div class=\"tiny-12 columns\">\n\t\t\t<p><label>Address* <span class=\"wpcf7-form-control-wrap\" data-name=\"address\"><textarea cols=\"40\" rows=\"2\" maxlength=\"2000\" class=\"wpcf7-form-control wpcf7-textarea wpcf7-validates-as-required\" aria-required=\"true\" aria-invalid=\"false\" name=\"address\"><\/textarea><\/span><\/label>\n\t\t\t<\/p>\n\t\t<\/div>\n\t<\/div>\n\t<div class=\"row\">\n\t\t<div class=\"tiny-3 small-2 columns\">\n\t\t\t<p><label>Postcode* <span class=\"wpcf7-form-control-wrap\" data-name=\"plz\"><input size=\"5\" maxlength=\"5\" minlength=\"5\" class=\"wpcf7-form-control wpcf7-text wpcf7-validates-as-required\" aria-required=\"true\" aria-invalid=\"false\" value=\"\" type=\"text\" name=\"plz\" \/><\/span><\/label>\n\t\t\t<\/p>\n\t\t<\/div>\n\t\t<div class=\"tiny-9 small-10 columns\">\n\t\t\t<p><label>City* <span class=\"wpcf7-form-control-wrap\" data-name=\"city\"><input size=\"40\" maxlength=\"400\" class=\"wpcf7-form-control wpcf7-text wpcf7-validates-as-required\" aria-required=\"true\" aria-invalid=\"false\" value=\"\" type=\"text\" name=\"city\" \/><\/span><\/label>\n\t\t\t<\/p>\n\t\t<\/div>\n\t<\/div>\n\t<div class=\"row\">\n\t\t<div class=\"tiny-12 columns\">\n\t\t\t<p><label>Country <span class=\"wpcf7-form-control-wrap\" data-name=\"country\"><input size=\"40\" maxlength=\"400\" class=\"wpcf7-form-control wpcf7-text\" aria-invalid=\"false\" value=\"\" type=\"text\" name=\"country\" \/><\/span><\/label>\n\t\t\t<\/p>\n\t\t<\/div>\n\t<\/div>\n\t<div class=\"row\">\n\t\t<div class=\"tiny-12 columns\">\n\t\t\t<p><label>E-Mail Address* <span class=\"wpcf7-form-control-wrap\" data-name=\"email\"><input size=\"40\" maxlength=\"400\" class=\"wpcf7-form-control wpcf7-email wpcf7-validates-as-required wpcf7-text wpcf7-validates-as-email\" aria-required=\"true\" aria-invalid=\"false\" value=\"\" type=\"email\" name=\"email\" \/><\/span><\/label>\n\t\t\t<\/p>\n\t\t<\/div>\n\t<\/div>\n\t<div class=\"row\">\n\t\t<div class=\"tiny-12 columns\">\n\t\t\t<p><label>Phone <span class=\"wpcf7-form-control-wrap\" data-name=\"telefon\"><input size=\"40\" maxlength=\"400\" class=\"wpcf7-form-control wpcf7-tel wpcf7-text wpcf7-validates-as-tel\" aria-invalid=\"false\" value=\"\" type=\"tel\" name=\"telefon\" \/><\/span><\/label>\n\t\t\t<\/p>\n\t\t<\/div>\n\t<\/div>\n<\/fieldset>\n<hr \/>\n<fieldset id=\"shipping-address\" data-toggler=\".show-shipping\">\n\t<p class=\"add-shipping-address\"><a class=\"hollow button\" data-toggle=\"shipping-address\">Add different shipping address<\/a>\n\t<\/p>\n\t<div class=\"shipping-container\">\n\t\t<h3>Shipping Address\n\t\t<\/h3>\n\t\t<div class=\"row\">\n\t\t\t<div class=\"tiny-12 small-6 columns\">\n\t\t\t\t<p><label>First Name <span class=\"wpcf7-form-control-wrap\" data-name=\"firstname-shipping\"><input size=\"40\" maxlength=\"400\" class=\"wpcf7-form-control wpcf7-text\" aria-invalid=\"false\" value=\"\" type=\"text\" name=\"firstname-shipping\" \/><\/span><\/label>\n\t\t\t\t<\/p>\n\t\t\t<\/div>\n\t\t\t<div class=\"tiny-12 small-6 columns\">\n\t\t\t\t<p><label>Last Name <span class=\"wpcf7-form-control-wrap\" data-name=\"lastname-shipping\"><input size=\"40\" maxlength=\"400\" class=\"wpcf7-form-control wpcf7-text\" aria-invalid=\"false\" value=\"\" type=\"text\" name=\"lastname-shipping\" \/><\/span><\/label>\n\t\t\t\t<\/p>\n\t\t\t<\/div>\n\t\t<\/div>\n\t\t<div class=\"row\">\n\t\t\t<div class=\"tiny-12 columns\">\n\t\t\t\t<p><label>Institution <span class=\"wpcf7-form-control-wrap\" data-name=\"institution-shipping\"><input size=\"40\" maxlength=\"400\" class=\"wpcf7-form-control wpcf7-text\" aria-invalid=\"false\" value=\"\" type=\"text\" name=\"institution-shipping\" \/><\/span><\/label>\n\t\t\t\t<\/p>\n\t\t\t<\/div>\n\t\t<\/div>\n\t\t<div class=\"row\">\n\t\t\t<div class=\"tiny-12 columns\">\n\t\t\t\t<p><label>Address <span class=\"wpcf7-form-control-wrap\" data-name=\"address-shipping\"><textarea cols=\"40\" rows=\"2\" maxlength=\"2000\" class=\"wpcf7-form-control wpcf7-textarea\" aria-invalid=\"false\" name=\"address-shipping\"><\/textarea><\/span><\/label>\n\t\t\t\t<\/p>\n\t\t\t<\/div>\n\t\t<\/div>\n\t\t<div class=\"row\">\n\t\t\t<div class=\"tiny-3 small-2 columns\">\n\t\t\t\t<p><label>Post Code <span class=\"wpcf7-form-control-wrap\" data-name=\"plz-shipping\"><input size=\"5\" maxlength=\"5\" minlength=\"5\" class=\"wpcf7-form-control wpcf7-text\" aria-invalid=\"false\" value=\"\" type=\"text\" name=\"plz-shipping\" \/><\/span><\/label>\n\t\t\t\t<\/p>\n\t\t\t<\/div>\n\t\t\t<div class=\"tiny-9 small-10 columns\">\n\t\t\t\t<p><label>City <span class=\"wpcf7-form-control-wrap\" data-name=\"city-shipping\"><input size=\"40\" maxlength=\"400\" class=\"wpcf7-form-control wpcf7-text\" aria-invalid=\"false\" value=\"\" type=\"text\" name=\"city-shipping\" \/><\/span><\/label>\n\t\t\t\t<\/p>\n\t\t\t<\/div>\n\t\t<\/div>\n\t\t<div class=\"row\">\n\t\t\t<div class=\"tiny-12 columns\">\n\t\t\t\t<p><label>Country <span class=\"wpcf7-form-control-wrap\" data-name=\"country-shipping\"><input size=\"40\" maxlength=\"400\" class=\"wpcf7-form-control wpcf7-text\" aria-invalid=\"false\" value=\"\" type=\"text\" name=\"country-shipping\" \/><\/span><\/label>\n\t\t\t\t<\/p>\n\t\t\t<\/div>\n\t\t<\/div>\n\t<\/div>\n<\/fieldset>\n<hr \/>\n<div class=\"row\">\n\t<div class=\"tiny-12 columns\">\n\t\t<p><span class=\"wpcf7-form-control-wrap\" data-name=\"agb\"><span class=\"wpcf7-form-control wpcf7-acceptance\"><span class=\"wpcf7-list-item\"><label><input type=\"checkbox\" name=\"agb\" value=\"1\" aria-invalid=\"false\" \/><span class=\"wpcf7-list-item-label\">I agree to the <a href=\"\/agb\/\">Terms and Conditions<\/a>.<\/span><\/label><\/span><\/span><\/span>\n\t\t<\/p>\n\t<\/div>\n<\/div>\n<div class=\"row\">\n\t<div class=\"tiny-12 columns\">\n\t\t<p><span class=\"wpcf7-form-control-wrap\" data-name=\"datenschutz\"><span class=\"wpcf7-form-control wpcf7-acceptance\"><span class=\"wpcf7-list-item\"><label><input type=\"checkbox\" name=\"datenschutz\" value=\"1\" aria-invalid=\"false\" \/><span class=\"wpcf7-list-item-label\">With my order, I consent to the use of my personal information in accordance with the <a href=\"\/datenschutz\/\">privacy policy<\/a>.<\/span><\/label><\/span><\/span><\/span>\n\t\t<\/p>\n\t<\/div>\n<\/div>\n<div class=\"row\">\n\t<div class=\"tiny-12 columns\">\n\t\t<p><input class=\"wpcf7-form-control wpcf7-submit has-spinner button\" type=\"submit\" value=\"Binding Order\" \/>\n\t\t<\/p>\n\t<\/div>\n<\/div>\n<div class=\"row\">\n\t<div class=\"tiny-12 columns\">\n\t\t<p class=\"help-text\">* Mandatory Field\n\t\t<\/p>\n\t<\/div>\n<\/div>\n<p><script>\njQuery(function($) {\n\t$('#Artikel').attr('disabled', 'disabled');\n});\n<\/script>\n<\/p><div class=\"wpcf7-response-output\" aria-hidden=\"true\"><\/div>\n<\/form>\n<\/div>\n<\/p>","protected":false},"excerpt":{"rendered":"<p>Sorry, this entry is only available in Deutsch. &nbsp; Folgende B\u00e4nde sind bestellbar: &nbsp; Sinngeschichte der Germania K\u00f6nigsberg. Wechselwirkungen zwischen Zeitgeist und korporationsstudentischer Mentalit\u00e4t Band 1: Vorgeschichte und K\u00f6nigsberger Zeit von Rainer Dieterich ISBN: 978-3-9815733-8-1 Preis: 55,00 Euro (Sinngeschichte der Germania K\u00f6nigsberg. Wechselwirkungen zwischen Zeitgeist und korporationsstudentischer Mentalit\u00e4t Band 2: Die Hamburger Zeit von Rainer&#8230;  <a class=\"excerpt-read-more\" href=\"https:\/\/www.solivagus.de\/en\/sinn-und-personengeschichte-1-3-versandkostenfrei-bestellen\/\" title=\"ReadSinn- und Personengeschichte 1-3 versandkostenfrei bestellen\">Read more &raquo;<\/a><\/p>\n","protected":false},"author":1,"featured_media":0,"parent":0,"menu_order":0,"comment_status":"closed","ping_status":"closed","template":"","meta":{"_monsterinsights_skip_tracking":false,"_monsterinsights_sitenote_active":false,"_monsterinsights_sitenote_note":"","_monsterinsights_sitenote_category":0,"footnotes":""},"class_list":["post-2674","page","type-page","status-publish","hentry","wp-sticky"],"aioseo_notices":[],"_links":{"self":[{"href":"https:\/\/www.solivagus.de\/en\/wp-json\/wp\/v2\/pages\/2674","targetHints":{"allow":["GET"]}}],"collection":[{"href":"https:\/\/www.solivagus.de\/en\/wp-json\/wp\/v2\/pages"}],"about":[{"href":"https:\/\/www.solivagus.de\/en\/wp-json\/wp\/v2\/types\/page"}],"author":[{"embeddable":true,"href":"https:\/\/www.solivagus.de\/en\/wp-json\/wp\/v2\/users\/1"}],"replies":[{"embeddable":true,"href":"https:\/\/www.solivagus.de\/en\/wp-json\/wp\/v2\/comments?post=2674"}],"version-history":[{"count":6,"href":"https:\/\/www.solivagus.de\/en\/wp-json\/wp\/v2\/pages\/2674\/revisions"}],"predecessor-version":[{"id":3936,"href":"https:\/\/www.solivagus.de\/en\/wp-json\/wp\/v2\/pages\/2674\/revisions\/3936"}],"wp:attachment":[{"href":"https:\/\/www.solivagus.de\/en\/wp-json\/wp\/v2\/media?parent=2674"}],"curies":[{"name":"wp","href":"https:\/\/api.w.org\/{rel}","templated":true}]}}