{"id":1642,"date":"2017-05-09T16:19:31","date_gmt":"2017-05-09T14:19:31","guid":{"rendered":"http:\/\/www.solivagus.de\/?page_id=1642"},"modified":"2018-04-25T14:58:50","modified_gmt":"2018-04-25T12:58:50","slug":"kulturgeschichte-des-politischen","status":"publish","type":"page","link":"https:\/\/www.solivagus.de\/en\/reihen\/kulturgeschichte-des-politischen\/","title":{"rendered":"Kulturgeschichte des Politischen"},"content":{"rendered":"<p><a href=\"http:\/\/www.solivagus.de\/wp-content\/uploads\/2016\/02\/Cover_Diziol.png\"><img loading=\"lazy\" decoding=\"async\" class=\"size-medium wp-image-567 alignleft\" src=\"http:\/\/www.solivagus.de\/wp-content\/uploads\/2016\/02\/Cover_Diziol-258x300.png\" alt=\"\" width=\"258\" height=\"300\" srcset=\"https:\/\/www.solivagus.de\/wp-content\/uploads\/2016\/02\/Cover_Diziol-258x300.png 258w, https:\/\/www.solivagus.de\/wp-content\/uploads\/2016\/02\/Cover_Diziol-768x895.png 768w, https:\/\/www.solivagus.de\/wp-content\/uploads\/2016\/02\/Cover_Diziol.png 879w\" sizes=\"auto, (max-width: 258px) 100vw, 258px\" \/><\/a>Edited by <span style=\"font-variant: small-caps;\">Rainer Hering<\/span>.<\/p>\n<p>&nbsp;<\/p>\n<p>The series \u201eKulturgeschichte des Politischen\u201c [\u201eCultural History of the Political Sphere\u201c] contains contributions to German and European history of the long 19th century that are connected by their cultural historical perspective on \u201cpolitics\u201d and \u201cpolicy\u201d as well as the interdependencies between politics, culture, and society. Cultural history however is not understood as an antipode, but rather as a gainful supplement to classic political history. The series offers a space for a broad spectrum of different cultural historical approaches, questions, and thematic fields, for different notions of what \u201cpolitics\u201d and \u201cpolicy\u201d actually are. The common goal of all the volumes in this series is to contribute to our understanding of historic political processes, to open up new perspectives by using innovative methods. As the cultural history of the political sphere is a rather young field which occurred only around the millennium and is still not undisputed, it offers much scope for innovation and valuable contributions to an ongoing discussion. The series is open both for monographs, for anthologies, and for source editions.<\/p>\n<hr \/>\n<p><span style=\"font-variant: small-caps;\">Rainer Hering<\/span> studierte Geschichtswissenschaft, Evangelische Theologie und Erziehungswissenschaft. Er promovierte und habilitierte sich am Fachbereich Philosophie und Geschichtswissenschaft der Universit\u00e4t Hamburg. Bis September 2006 war er Archivar am Staatsarchiv Hamburg sowie Privatdozent f\u00fcr Neuere Geschichte am Historischen Seminar der Universit\u00e4t Hamburg. Seit Oktober 2006 leitet er das Landesarchiv Schleswig Holstein und lehrt Neuere Geschichte und Archivwissenschaften an der Universit\u00e4t Hamburg.<\/p>\n<hr \/>\n<p><span style=\"font-variant: small-caps;\">Previously published<\/span>:<\/p>\n<p>&nbsp;<\/p>\n<p><a href=\"http:\/\/www.solivagus.de\/en\/publication\/deutsche-werdet-mitglieder-des-vaterlandes\/\" target=\"_blank\" rel=\"noopener noreferrer\"><img loading=\"lazy\" decoding=\"async\" class=\"alignleft wp-image-1425\" src=\"http:\/\/www.solivagus.de\/wp-content\/uploads\/2016\/02\/Cover_Diziol.png\" alt=\"\" width=\"155\" height=\"181\" \/><\/a><span class=\"author\" style=\"background-color: #5a2230;\">Sebastian Diziol<\/span><br \/>\n<a style=\"text-decoration: none; color: #5a2230; text-transform: uppercase; font-weight: bold;\" href=\"http:\/\/www.solivagus.de\/en\/publication\/deutsche-werdet-mitglieder-des-vaterlandes\/\" target=\"_blank\" rel=\"noopener noreferrer\">\u201eDeutsche, werdet Mitglieder des Vaterlandes!\u201c<\/a><br \/>\nDer Deutsche Flottenverein 1898 \u2013 1934. 2 Volumes.<br \/>\nKulturgeschichte des Politischen, Volume 1.<br \/>\n<span style=\"font-variant: small-caps;\">Price<\/span>: 97,00 \u20ac<br \/>\n<a class=\"button\" style=\"text-decoration: none; color: #ffffff; text-align: left;\" href=\"http:\/\/www.solivagus.de\/en\/publication\/deutsche-werdet-mitglieder-des-vaterlandes\/\" target=\"_blank\" rel=\"noopener noreferrer\">See More<\/a><\/p>\n<hr \/>\n<p><a href=\"http:\/\/www.solivagus.de\/publication\/vorstellungen-von-deutschtum-in-ungarn\/\" target=\"_blank\" rel=\"noopener noreferrer\"><img loading=\"lazy\" decoding=\"async\" class=\"alignleft wp-image-1425\" src=\"http:\/\/www.solivagus.de\/wp-content\/uploads\/2017\/11\/Cover_Bauer.png\" alt=\"\" width=\"155\" height=\"181\" \/><\/a><span class=\"author\" style=\"background-color: #266c1f;\">Frank Bauer<\/span><br \/>\n<a style=\"text-decoration: none; color: #266c1f; text-transform: uppercase; font-weight: bold;\" href=\"http:\/\/www.solivagus.de\/publication\/vorstellungen-von-deutschtum-in-ungarn\/\" target=\"_blank\" rel=\"noopener noreferrer\">Vorstellungen von \u201eDeutschtum\u201c in Ungarn in Reiseberichten des 19. Jahrhunderts.<\/a><br \/>\nAuf der Suche nach dem Eigenen in der Fremde.<br \/>\nKulturgeschichte des Politischen, Volume 2.<br \/>\n<span style=\"font-variant: small-caps;\">Price<\/span>: 58,00 \u20ac<\/p>\n<p><a class=\"button\" style=\"text-decoration: none; color: #ffffff; text-align: left;\" href=\"http:\/\/www.solivagus.de\/publication\/vorstellungen-von-deutschtum-in-ungarn\/\" target=\"_blank\" rel=\"noopener noreferrer\">Zum Buch<\/a><\/p>","protected":false},"excerpt":{"rendered":"<p>Edited by Rainer Hering. &nbsp; The series \u201eKulturgeschichte des Politischen\u201c [\u201eCultural History of the Political Sphere\u201c] contains contributions to German and European history of the long 19th century that are connected by their cultural historical perspective on \u201cpolitics\u201d and \u201cpolicy\u201d as well as the interdependencies between politics, culture, and society. Cultural history however is not&#8230;  <a class=\"excerpt-read-more\" href=\"https:\/\/www.solivagus.de\/en\/reihen\/kulturgeschichte-des-politischen\/\" title=\"ReadKulturgeschichte des Politischen\">Read more &raquo;<\/a><\/p>\n","protected":false},"author":3,"featured_media":0,"parent":1633,"menu_order":0,"comment_status":"closed","ping_status":"closed","template":"","meta":{"_monsterinsights_skip_tracking":false,"_monsterinsights_sitenote_active":false,"_monsterinsights_sitenote_note":"","_monsterinsights_sitenote_category":0,"footnotes":""},"class_list":["post-1642","page","type-page","status-publish","hentry","wp-sticky"],"aioseo_notices":[],"_links":{"self":[{"href":"https:\/\/www.solivagus.de\/en\/wp-json\/wp\/v2\/pages\/1642","targetHints":{"allow":["GET"]}}],"collection":[{"href":"https:\/\/www.solivagus.de\/en\/wp-json\/wp\/v2\/pages"}],"about":[{"href":"https:\/\/www.solivagus.de\/en\/wp-json\/wp\/v2\/types\/page"}],"author":[{"embeddable":true,"href":"https:\/\/www.solivagus.de\/en\/wp-json\/wp\/v2\/users\/3"}],"replies":[{"embeddable":true,"href":"https:\/\/www.solivagus.de\/en\/wp-json\/wp\/v2\/comments?post=1642"}],"version-history":[{"count":27,"href":"https:\/\/www.solivagus.de\/en\/wp-json\/wp\/v2\/pages\/1642\/revisions"}],"predecessor-version":[{"id":2286,"href":"https:\/\/www.solivagus.de\/en\/wp-json\/wp\/v2\/pages\/1642\/revisions\/2286"}],"up":[{"embeddable":true,"href":"https:\/\/www.solivagus.de\/en\/wp-json\/wp\/v2\/pages\/1633"}],"wp:attachment":[{"href":"https:\/\/www.solivagus.de\/en\/wp-json\/wp\/v2\/media?parent=1642"}],"curies":[{"name":"wp","href":"https:\/\/api.w.org\/{rel}","templated":true}]}}