{"id":104,"date":"2015-10-23T16:29:38","date_gmt":"2015-10-23T14:29:38","guid":{"rendered":"http:\/\/www.solivagus.de\/?page_id=104"},"modified":"2024-07-29T13:05:48","modified_gmt":"2024-07-29T11:05:48","slug":"agb","status":"publish","type":"page","link":"https:\/\/www.solivagus.de\/en\/agb\/","title":{"rendered":"Terms and Conditions"},"content":{"rendered":"<p class=\"qtranxs-available-languages-message qtranxs-available-languages-message-en\">Sorry, this entry is only available in <a href=\"https:\/\/www.solivagus.de\/de\/wp-json\/wp\/v2\/pages\/104\" class=\"qtranxs-available-language-link qtranxs-available-language-link-de\" title=\"Deutsch\">Deutsch<\/a>.<\/p><p><strong>Unsere Allgemeinen Gesch\u00e4ftsbedingungen<\/strong><\/p>\n<p><strong>\u00a7 1 Geltungsbereich<\/strong><br \/>\n(1) Es gelten ausschlie\u00dflich die nachfolgenden Allgemeinen Gesch\u00e4ftsbedingungen (AGB) des Solivagus-Verlages, Stefan Eick e. K. Nebenabreden bed\u00fcrfen Schriftform.<br \/>\n(2) Der Solivagus-Verlag, Stefan Eick e.\u00a0K. wird im Folgenden \u201eSolivagus-Verlag\u201c oder \u201ewir\u201c\/\u201cuns\u201c genannt, der\/die Vertragspartner\/in wird als \u201eKunde\u201c bezeichnet.<br \/>\n<strong>\u00a7 2 Bestellung und Vertragsabschluss<\/strong><br \/>\n(1) Sobald der Kunde bei uns telefonisch, per Fax, Brief, E-Mail oder \u00fcber die Webseite bestellt, gibt er ein rechtsverbindliches Angebot zum Abschluss eines Kaufvertrages ab.<br \/>\n(2) Bei telefonischer Bestellung wird das Angebot durch eine m\u00fcndliche Annahme oder bei Bestellungen ohne pers\u00f6nlichen Kontakt (Online-Shop, E-Mail, Fax, Brief) durch das Verschicken der bestellten Ware angenommen. Wir schlie\u00dfen einen Kaufvertrag mit dem Kunden ab.<br \/>\n(3) Falls die Ware zum Zeitpunkt der eingehenden Bestellung des Kunden nicht lieferbar ist, wird der Kunde benachrichtigt, sie wird vorgemerkt und mit separater Rechnung versandt.<br \/>\n(4) Dem Kunden steht bei Fernabsatzvertr\u00e4gen im Sinne der gesetzlichen Definition des \u00a7 312 c Abs. 1 des B\u00fcrgerlichen Gesetzbuches (BGB) ebenso wie bei au\u00dferhalb von Gesch\u00e4ftsr\u00e4umen geschlossenen Vertr\u00e4gen ein Widerrufsrecht nach \u00a7 355 (BGB) zu.<\/p>\n<p><strong>\u00a7 3 Widerrufsrecht<\/strong><br \/>\n(1) Der Kunde hat das Recht binnen vierzehn Tagen ohne Angabe von Gr\u00fcnden diesen Vertrag zu widerrufen.<br \/>\n(2) Um das Widerrufsrecht auszu\u00fcben, muss der Kunde eine eindeutige schriftliche Erkl\u00e4rung (z.B. mit der Post versandter Brief, Fax oder E-Mail) an den Solivagus-Verlag (L\u00fcdemannstra\u00dfe 29, 24114 Kiel, Fax: +49 (0)431 \/ 53201920, E-Mail: info@solivagus.de) richten.<br \/>\nDer Besteller kann seinerseits schriftlich oder durch R\u00fccksendung der Ware innerhalb von vier Wochen nach Erhalt der Ware den Vertrag widerrufen. Die Kosten der R\u00fccksendung werden nicht erstattet. Es wird darauf hingewiesen, dass der Solivagus-Verlag ggf. eine durch Ingebrauchnahme der Sache entstandene Wertminderung einbehalten kann.<\/p>\n<p>Bei wiederholter und\/oder missbr\u00e4uchlicher Inanspruchnahme des Widerrufsrechtes beh\u00e4lt sich der Solivagus-Verlag im Rahmen der Vertragsfreiheit vor, den Besteller dauerhaft von allen Angeboten des Solivagus-Verlages, auszuschlie\u00dfen.<\/p>\n<p><strong>\u00a7 4 Lieferung<\/strong><br \/>\nSofern nicht anders vereinbart, erfolgt die Lieferung ab Lager an die vom Besteller angegebene Lieferadresse. Angaben \u00fcber die Lieferfrist sind unverbindlich, soweit nicht ausnahmsweise der Liefertermin verbindlich zugesagt wurde.<\/p>\n<p>Das Online-Angebot des Solivagus-Verlages wird regelm\u00e4\u00dfig aktualisiert. Falls dennoch einmal ein bestellter Artikel ausverkauft sein sollte, ist der Solivagus-Verlag zum R\u00fccktritt berechtigt. In diesem Fall wird der Kunde unverz\u00fcglich dar\u00fcber informiert, dass das bestellte Produkt nicht zur Verf\u00fcgung steht. Ein bereits bezahlter Kaufpreis wird unverz\u00fcglich erstattet. Jedes Angebot ist somit grunds\u00e4tzlich freibleibend.<br \/>\n<strong>\u00a7 5 Versandkosten<\/strong><br \/>\nF\u00fcr Lieferungen innerhalb der Bundesrepublik Deutschland werden keine Versandkosten erhoben.<br \/>\nF\u00fcr Lieferungen innerhalb der EU berechnen wir die anfallenden Versandkosten.<br \/>\nWenn Sie eine Bestellung mit einer Lieferadresse im Ausland aufgeben, beachten Sie bitte, dass je nach Land Zoll- und Einfuhrgeb\u00fchren erhoben werden k\u00f6nnen. Diese Art von Kosten gehen zu Ihren Lasten und werden nicht von uns \u00fcbernommen. Da die Kosten von Land zu Land stark variieren k\u00f6nnen, informieren Sie sich bitte vorab beim \u00f6rtlichen Zoll \u00fcber die H\u00f6he.<br \/>\nF\u00fcr Lieferungen au\u00dferhalb der EU berechnen wir das anfallende Porto.<\/p>\n<p><strong>\u00a7 6 F\u00e4lligkeit und Zahlung, Verzug<\/strong><br \/>\nDer Besteller kann den Kaufpreis per \u00dcberweisung oder Scheck zur Verrechnung zahlen. Es gilt ein Zahlungsziel von 14 Tagen. Kommt der Besteller in Zahlungsverzug, so ist der Solivagus-Verlag berechtigt, Verzugszinsen in H\u00f6he von 5 % \u00fcber dem von der Europ\u00e4ischen Zentralbank bekannt gegebenen Basiszinssatz p.a. zu fordern. Falls dem Solivagus-Verlag ein h\u00f6herer Verzugsschaden nachweisbar entstanden ist, ist der Solivagus-Verlag berechtigt, diesen geltend zu machen.<\/p>\n<p><strong>\u00a7 7 Aufrechnung, Zur\u00fcckbehaltung<\/strong><br \/>\nEin Recht zur Aufrechnung steht dem Besteller nur zu, wenn seine Gegenanspr\u00fcche rechtskr\u00e4ftig festgestellt oder von dem Solivagus-Verlag anerkannt sind. Au\u00dferdem ist er zur Aus\u00fcbung eines Zur\u00fcckbehaltungsrechts nur insoweit befugt, als sein Gegenanspruch auf dem gleichen Vertragsverh\u00e4ltnis beruht.<br \/>\n<strong>\u00a7 8 Eigentumsvorbehalt<\/strong><br \/>\nDie gelieferte Ware bleibt bis zur vollst\u00e4ndigen Bezahlung im Eigentum des Solivagus-Verlages.<\/p>\n<p><strong>\u00a7 9 M\u00e4ngelhaftung<\/strong><br \/>\nLiegt ein Mangel der Kaufsache vor, kann der Besteller Nacherf\u00fcllung (M\u00e4ngelbeseitigung oder Ersatzlieferung) verlangen. Schl\u00e4gt die Nacherf\u00fcllung fehl, kann der Besteller bei einem nicht unerheblichen Mangel vom Vertrag zur\u00fccktreten, den Kaufpreis mindern oder Schadensersatz geltend machen.<\/p>\n<p>Soweit sich nachstehend nichts anderes ergibt, sind weitergehende Anspr\u00fcche des Bestellers gleich aus welchen Rechtsgr\u00fcnden ausgeschlossen. Der Solivagus-Verlag haftet deshalb nicht f\u00fcr Sch\u00e4den, die nicht am Liefergegenstand selbst entstanden sind; insbesondere haftet der Solivagus-Verlag nicht f\u00fcr entgangenen Gewinn oder f\u00fcr sonstige Verm\u00f6genssch\u00e4den des Bestellers. Soweit die Haftung des Solivagus-Verlages ausgeschlossen oder beschr\u00e4nkt ist, gilt dies auch f\u00fcr die pers\u00f6nliche Haftung von Arbeitnehmern, Vertretern und Erf\u00fcllungsgehilfen.<\/p>\n<p>Beim Versand unversicherter Sendungen tr\u00e4gt der Besteller ausdr\u00fccklich das Versandrisiko. Der Solivagus-Verlag \u00fcbernimmt ausdr\u00fccklich keine Haftung f\u00fcr Sch\u00e4den, die aus dem Verlust bzw. der Besch\u00e4digung einer unversicherten Sendung durch das beauftragte Frachtunternehmen entstehen.<br \/>\nEin Versand der bestellten Ware als versicherte Sendung kann optional gegen Aufpreis jeder Besteller vom Solivagus-Verlag verlangen.<\/p>\n<p>Vorstehende Haftungsbeschr\u00e4nkung gilt nicht, soweit die Schadensursache auf Vorsatz oder grober Fahrl\u00e4ssigkeit beruht oder ein Personenschaden vorliegt. Sie gilt ferner dann nicht, wenn der Besteller Anspr\u00fcche aus \u00a7\u00a7 1 und 4 des Produkthaftungsgesetzes geltend macht.<\/p>\n<p>Sofern der Solivagus-Verlag fahrl\u00e4ssig eine vertragswesentliche Pflicht verletzt, ist die Ersatzpflicht f\u00fcr Sachsch\u00e4den auf den typischerweise entstehenden Schaden beschr\u00e4nkt.<\/p>\n<p>Die Verj\u00e4hrungsfrist betr\u00e4gt zw\u00f6lf Monate, gerechnet ab Lieferung.<\/p>\n<p><strong>\u00a7 10 Datenschutz<\/strong><br \/>\nInformationen \u00fcber Art, Umfang, Ort und Zweck der Erhebung, Verarbeitung und Nutzung der f\u00fcr die Ausf\u00fchrung von Bestellungen erforderlichen personenbezogenen Daten durch den Solivagus-Verlag befinden sich in der Datenschutzerkl\u00e4rung.<\/p>\n<p><strong>\u00a7 11 Anwendbares Recht<\/strong><br \/>\nEs gilt deutsches Recht unter Ausschluss des UN-Kaufrechts.<br \/>\nGerichtsstand ist Kiel.<\/p>","protected":false},"excerpt":{"rendered":"<p>Sorry, this entry is only available in Deutsch.Unsere Allgemeinen Gesch\u00e4ftsbedingungen \u00a7 1 Geltungsbereich (1) Es gelten ausschlie\u00dflich die nachfolgenden Allgemeinen Gesch\u00e4ftsbedingungen (AGB) des Solivagus-Verlages, Stefan Eick e. K. Nebenabreden bed\u00fcrfen Schriftform. (2) Der Solivagus-Verlag, Stefan Eick e.\u00a0K. wird im Folgenden \u201eSolivagus-Verlag\u201c oder \u201ewir\u201c\/\u201cuns\u201c genannt, der\/die Vertragspartner\/in wird als \u201eKunde\u201c bezeichnet. \u00a7 2 Bestellung und Vertragsabschluss&#8230;  <a class=\"excerpt-read-more\" href=\"https:\/\/www.solivagus.de\/en\/agb\/\" title=\"ReadTerms and Conditions\">Read more &raquo;<\/a><\/p>\n","protected":false},"author":1,"featured_media":0,"parent":0,"menu_order":0,"comment_status":"closed","ping_status":"closed","template":"","meta":{"_monsterinsights_skip_tracking":false,"_monsterinsights_sitenote_active":false,"_monsterinsights_sitenote_note":"","_monsterinsights_sitenote_category":0,"footnotes":""},"class_list":["post-104","page","type-page","status-publish","hentry","wp-sticky"],"aioseo_notices":[],"_links":{"self":[{"href":"https:\/\/www.solivagus.de\/en\/wp-json\/wp\/v2\/pages\/104","targetHints":{"allow":["GET"]}}],"collection":[{"href":"https:\/\/www.solivagus.de\/en\/wp-json\/wp\/v2\/pages"}],"about":[{"href":"https:\/\/www.solivagus.de\/en\/wp-json\/wp\/v2\/types\/page"}],"author":[{"embeddable":true,"href":"https:\/\/www.solivagus.de\/en\/wp-json\/wp\/v2\/users\/1"}],"replies":[{"embeddable":true,"href":"https:\/\/www.solivagus.de\/en\/wp-json\/wp\/v2\/comments?post=104"}],"version-history":[{"count":16,"href":"https:\/\/www.solivagus.de\/en\/wp-json\/wp\/v2\/pages\/104\/revisions"}],"predecessor-version":[{"id":3996,"href":"https:\/\/www.solivagus.de\/en\/wp-json\/wp\/v2\/pages\/104\/revisions\/3996"}],"wp:attachment":[{"href":"https:\/\/www.solivagus.de\/en\/wp-json\/wp\/v2\/media?parent=104"}],"curies":[{"name":"wp","href":"https:\/\/api.w.org\/{rel}","templated":true}]}}